{"id":833,"date":"2021-04-09T13:40:37","date_gmt":"2021-04-09T13:40:37","guid":{"rendered":"http:\/\/51.91.137.138\/?page_id=833"},"modified":"2022-05-19T14:27:37","modified_gmt":"2022-05-19T14:27:37","slug":"scenographie","status":"publish","type":"page","link":"https:\/\/magichanism.com\/index.php\/fr\/scenographie\/","title":{"rendered":"Sc\u00e9nographie"},"content":{"rendered":"\t\t<div data-elementor-type=\"wp-page\" data-elementor-id=\"833\" class=\"elementor elementor-833\" data-elementor-settings=\"[]\">\n\t\t\t\t\t\t<div class=\"elementor-inner\">\n\t\t\t\t\t\t\t<div class=\"elementor-section-wrap\">\n\t\t\t\t\t\t\t<section class=\"elementor-section elementor-top-section elementor-element elementor-element-e26e45e elementor-section-boxed elementor-section-height-default elementor-section-height-default\" data-id=\"e26e45e\" data-element_type=\"section\">\n\t\t\t\t\t\t<div class=\"elementor-container elementor-column-gap-default\">\n\t\t\t\t\t\t\t<div class=\"elementor-row\">\n\t\t\t\t\t<div class=\"elementor-column elementor-col-100 elementor-top-column elementor-element elementor-element-730affb\" data-id=\"730affb\" data-element_type=\"column\">\n\t\t\t<div class=\"elementor-column-wrap elementor-element-populated\">\n\t\t\t\t\t\t\t<div class=\"elementor-widget-wrap\">\n\t\t\t\t\t\t<div class=\"elementor-element elementor-element-74266a7 elementor-widget elementor-widget-heading\" data-id=\"74266a7\" data-element_type=\"widget\" data-widget_type=\"heading.default\">\n\t\t\t\t<div class=\"elementor-widget-container\">\n\t\t\t<h2 class=\"elementor-heading-title elementor-size-default\">SC\u00c9NOGRAPHIE<\/h2>\t\t<\/div>\n\t\t\t\t<\/div>\n\t\t\t\t<div class=\"elementor-element elementor-element-f698731 elementor-widget elementor-widget-spacer\" data-id=\"f698731\" data-element_type=\"widget\" data-widget_type=\"spacer.default\">\n\t\t\t\t<div class=\"elementor-widget-container\">\n\t\t\t\t\t<div class=\"elementor-spacer\">\n\t\t\t<div class=\"elementor-spacer-inner\"><\/div>\n\t\t<\/div>\n\t\t\t\t<\/div>\n\t\t\t\t<\/div>\n\t\t\t\t\t\t<\/div>\n\t\t\t\t\t<\/div>\n\t\t<\/div>\n\t\t\t\t\t\t\t\t<\/div>\n\t\t\t\t\t<\/div>\n\t\t<\/section>\n\t\t\t\t<section class=\"elementor-section elementor-top-section elementor-element elementor-element-2f13cde elementor-section-boxed elementor-section-height-default elementor-section-height-default\" data-id=\"2f13cde\" data-element_type=\"section\">\n\t\t\t\t\t\t<div class=\"elementor-container elementor-column-gap-default\">\n\t\t\t\t\t\t\t<div class=\"elementor-row\">\n\t\t\t\t\t<div class=\"elementor-column elementor-col-33 elementor-top-column elementor-element elementor-element-fb59a3c\" data-id=\"fb59a3c\" data-element_type=\"column\">\n\t\t\t<div class=\"elementor-column-wrap\">\n\t\t\t\t\t\t\t<div class=\"elementor-widget-wrap\">\n\t\t\t\t\t\t\t\t<\/div>\n\t\t\t\t\t<\/div>\n\t\t<\/div>\n\t\t\t\t<div class=\"elementor-column elementor-col-33 elementor-top-column elementor-element elementor-element-221555e\" data-id=\"221555e\" data-element_type=\"column\">\n\t\t\t<div class=\"elementor-column-wrap\">\n\t\t\t\t\t\t\t<div class=\"elementor-widget-wrap\">\n\t\t\t\t\t\t\t\t<\/div>\n\t\t\t\t\t<\/div>\n\t\t<\/div>\n\t\t\t\t<div class=\"elementor-column elementor-col-33 elementor-top-column elementor-element elementor-element-89305ca\" data-id=\"89305ca\" data-element_type=\"column\">\n\t\t\t<div class=\"elementor-column-wrap\">\n\t\t\t\t\t\t\t<div class=\"elementor-widget-wrap\">\n\t\t\t\t\t\t\t\t<\/div>\n\t\t\t\t\t<\/div>\n\t\t<\/div>\n\t\t\t\t\t\t\t\t<\/div>\n\t\t\t\t\t<\/div>\n\t\t<\/section>\n\t\t\t\t<section class=\"elementor-section elementor-top-section elementor-element elementor-element-9d45e66 elementor-section-boxed elementor-section-height-default elementor-section-height-default\" data-id=\"9d45e66\" data-element_type=\"section\">\n\t\t\t\t\t\t<div class=\"elementor-container elementor-column-gap-default\">\n\t\t\t\t\t\t\t<div class=\"elementor-row\">\n\t\t\t\t\t<div class=\"elementor-column elementor-col-33 elementor-top-column elementor-element elementor-element-cddabc7\" data-id=\"cddabc7\" data-element_type=\"column\">\n\t\t\t<div class=\"elementor-column-wrap\">\n\t\t\t\t\t\t\t<div class=\"elementor-widget-wrap\">\n\t\t\t\t\t\t\t\t<\/div>\n\t\t\t\t\t<\/div>\n\t\t<\/div>\n\t\t\t\t<div class=\"elementor-column elementor-col-33 elementor-top-column elementor-element elementor-element-7f44fd0\" data-id=\"7f44fd0\" data-element_type=\"column\">\n\t\t\t<div class=\"elementor-column-wrap elementor-element-populated\">\n\t\t\t\t\t\t\t<div class=\"elementor-widget-wrap\">\n\t\t\t\t\t\t<div class=\"elementor-element elementor-element-5ee34ab elementor-widget elementor-widget-wp-widget-text\" data-id=\"5ee34ab\" data-element_type=\"widget\" data-widget_type=\"wp-widget-text.default\">\n\t\t\t\t<div class=\"elementor-widget-container\">\n\t\t\t\t\t\t<div class=\"textwidget\"><div style=\"color: #BCBCBC;font-size: 1rem\">La Soundboard Magichanism permet de <strong>cr\u00e9er des sc\u00e9nographies son et lumi\u00e8re complexes tr\u00e8s simplement<\/strong> depuis une interface accessible sur ordinateur fixe, tablette et smartphones.<\/div>\n<\/div>\n\t\t\t\t<\/div>\n\t\t\t\t<\/div>\n\t\t\t\t\t\t<\/div>\n\t\t\t\t\t<\/div>\n\t\t<\/div>\n\t\t\t\t<div class=\"elementor-column elementor-col-33 elementor-top-column elementor-element elementor-element-7f5b038\" data-id=\"7f5b038\" data-element_type=\"column\">\n\t\t\t<div class=\"elementor-column-wrap\">\n\t\t\t\t\t\t\t<div class=\"elementor-widget-wrap\">\n\t\t\t\t\t\t\t\t<\/div>\n\t\t\t\t\t<\/div>\n\t\t<\/div>\n\t\t\t\t\t\t\t\t<\/div>\n\t\t\t\t\t<\/div>\n\t\t<\/section>\n\t\t\t\t<section class=\"elementor-section elementor-top-section elementor-element elementor-element-14f9875 elementor-section-boxed elementor-section-height-default elementor-section-height-default\" data-id=\"14f9875\" data-element_type=\"section\">\n\t\t\t\t\t\t<div class=\"elementor-container elementor-column-gap-default\">\n\t\t\t\t\t\t\t<div class=\"elementor-row\">\n\t\t\t\t\t<div class=\"elementor-column elementor-col-33 elementor-top-column elementor-element elementor-element-6413d25\" data-id=\"6413d25\" data-element_type=\"column\">\n\t\t\t<div class=\"elementor-column-wrap\">\n\t\t\t\t\t\t\t<div class=\"elementor-widget-wrap\">\n\t\t\t\t\t\t\t\t<\/div>\n\t\t\t\t\t<\/div>\n\t\t<\/div>\n\t\t\t\t<div class=\"elementor-column elementor-col-33 elementor-top-column elementor-element elementor-element-e8088f1\" data-id=\"e8088f1\" data-element_type=\"column\">\n\t\t\t<div class=\"elementor-column-wrap elementor-element-populated\">\n\t\t\t\t\t\t\t<div class=\"elementor-widget-wrap\">\n\t\t\t\t\t\t<div class=\"elementor-element elementor-element-fe14229 elementor-aspect-ratio-169 elementor-widget elementor-widget-video\" data-id=\"fe14229\" data-element_type=\"widget\" data-settings=\"{&quot;youtube_url&quot;:&quot;https:\\\/\\\/www.youtube.com\\\/watch?v=wS8pYNtj15w&quot;,&quot;autoplay&quot;:&quot;yes&quot;,&quot;mute&quot;:&quot;yes&quot;,&quot;loop&quot;:&quot;yes&quot;,&quot;lazy_load&quot;:&quot;yes&quot;,&quot;video_type&quot;:&quot;youtube&quot;,&quot;controls&quot;:&quot;yes&quot;,&quot;aspect_ratio&quot;:&quot;169&quot;}\" data-widget_type=\"video.default\">\n\t\t\t\t<div class=\"elementor-widget-container\">\n\t\t\t\t\t<div class=\"elementor-wrapper elementor-fit-aspect-ratio elementor-open-inline\">\n\t\t\t<div class=\"elementor-video\"><\/div>\t\t<\/div>\n\t\t\t\t<\/div>\n\t\t\t\t<\/div>\n\t\t\t\t<div class=\"elementor-element elementor-element-bdc9ceb elementor-widget elementor-widget-spacer\" data-id=\"bdc9ceb\" data-element_type=\"widget\" data-widget_type=\"spacer.default\">\n\t\t\t\t<div class=\"elementor-widget-container\">\n\t\t\t\t\t<div class=\"elementor-spacer\">\n\t\t\t<div class=\"elementor-spacer-inner\"><\/div>\n\t\t<\/div>\n\t\t\t\t<\/div>\n\t\t\t\t<\/div>\n\t\t\t\t\t\t<\/div>\n\t\t\t\t\t<\/div>\n\t\t<\/div>\n\t\t\t\t<div class=\"elementor-column elementor-col-33 elementor-top-column elementor-element elementor-element-b892b1d\" data-id=\"b892b1d\" data-element_type=\"column\">\n\t\t\t<div class=\"elementor-column-wrap\">\n\t\t\t\t\t\t\t<div class=\"elementor-widget-wrap\">\n\t\t\t\t\t\t\t\t<\/div>\n\t\t\t\t\t<\/div>\n\t\t<\/div>\n\t\t\t\t\t\t\t\t<\/div>\n\t\t\t\t\t<\/div>\n\t\t<\/section>\n\t\t\t\t<section class=\"elementor-section elementor-top-section elementor-element elementor-element-1bed7ba elementor-section-boxed elementor-section-height-default elementor-section-height-default\" data-id=\"1bed7ba\" data-element_type=\"section\">\n\t\t\t\t\t\t<div class=\"elementor-container elementor-column-gap-default\">\n\t\t\t\t\t\t\t<div class=\"elementor-row\">\n\t\t\t\t\t<div class=\"elementor-column elementor-col-100 elementor-top-column elementor-element elementor-element-be520f8\" data-id=\"be520f8\" data-element_type=\"column\">\n\t\t\t<div class=\"elementor-column-wrap elementor-element-populated\">\n\t\t\t\t\t\t\t<div class=\"elementor-widget-wrap\">\n\t\t\t\t\t\t<div class=\"elementor-element elementor-element-510ac3f elementor-widget elementor-widget-heading\" data-id=\"510ac3f\" data-element_type=\"widget\" data-widget_type=\"heading.default\">\n\t\t\t\t<div class=\"elementor-widget-container\">\n\t\t\t<h2 class=\"elementor-heading-title elementor-size-default\">Sp\u00e9cifications<\/h2>\t\t<\/div>\n\t\t\t\t<\/div>\n\t\t\t\t\t\t<\/div>\n\t\t\t\t\t<\/div>\n\t\t<\/div>\n\t\t\t\t\t\t\t\t<\/div>\n\t\t\t\t\t<\/div>\n\t\t<\/section>\n\t\t\t\t<section class=\"elementor-section elementor-top-section elementor-element elementor-element-3cacffe elementor-section-boxed elementor-section-height-default elementor-section-height-default\" data-id=\"3cacffe\" data-element_type=\"section\">\n\t\t\t\t\t\t<div class=\"elementor-container elementor-column-gap-default\">\n\t\t\t\t\t\t\t<div class=\"elementor-row\">\n\t\t\t\t\t<div class=\"elementor-column elementor-col-50 elementor-top-column elementor-element elementor-element-5b555a5\" data-id=\"5b555a5\" data-element_type=\"column\">\n\t\t\t<div class=\"elementor-column-wrap elementor-element-populated\">\n\t\t\t\t\t\t\t<div class=\"elementor-widget-wrap\">\n\t\t\t\t\t\t<div class=\"elementor-element elementor-element-eb06043 elementor-widget elementor-widget-wp-widget-text\" data-id=\"eb06043\" data-element_type=\"widget\" data-widget_type=\"wp-widget-text.default\">\n\t\t\t\t<div class=\"elementor-widget-container\">\n\t\t\t\t\t\t<div class=\"textwidget\"><div style=\"color: #BCBCBC;font-size: 1rem\">\n<p>Sp\u00e9cifications techniques :<\/p>\n<ul>\n<li>8 sorties audio non-amplifi\u00e9es mono<\/li>\n<li>1 sortie DMX 512<\/li>\n<li>Connectivit\u00e9 ethernet<\/li>\n<li>Format rack 19\u201d 1U<\/li>\n<li>Alimentation IEC 220V<\/li>\n<li>Sortie HDMI<\/li>\n<\/ul>\n<p>&nbsp;<\/p>\n<p>Options:<\/p>\n<ul>\n<li>12 sorties 12v contr\u00f4l\u00e9es 1A<\/li>\n<li>12 entr\u00e9es 12v prot\u00e9g\u00e9es<\/li>\n<li>Leds de debug<\/li>\n<\/ul>\n<\/div>\n<\/div>\n\t\t\t\t<\/div>\n\t\t\t\t<\/div>\n\t\t\t\t\t\t<\/div>\n\t\t\t\t\t<\/div>\n\t\t<\/div>\n\t\t\t\t<div class=\"elementor-column elementor-col-50 elementor-top-column elementor-element elementor-element-65a2dbc\" data-id=\"65a2dbc\" data-element_type=\"column\">\n\t\t\t<div class=\"elementor-column-wrap elementor-element-populated\">\n\t\t\t\t\t\t\t<div class=\"elementor-widget-wrap\">\n\t\t\t\t\t\t<div class=\"elementor-element elementor-element-1d39906 elementor-widget elementor-widget-image\" data-id=\"1d39906\" data-element_type=\"widget\" data-widget_type=\"image.default\">\n\t\t\t\t<div class=\"elementor-widget-container\">\n\t\t\t\t\t\t\t\t<div class=\"elementor-image\">\n\t\t\t\t\t\t\t\t\t\t\t\t<img width=\"800\" height=\"533\" src=\"https:\/\/magichanism.com\/wp-content\/uploads\/2022\/05\/back-1024x682.jpeg\" class=\"attachment-large size-large\" alt=\"\" loading=\"lazy\" srcset=\"https:\/\/magichanism.com\/wp-content\/uploads\/2022\/05\/back-1024x682.jpeg 1024w, https:\/\/magichanism.com\/wp-content\/uploads\/2022\/05\/back-300x200.jpeg 300w, https:\/\/magichanism.com\/wp-content\/uploads\/2022\/05\/back-768x512.jpeg 768w, https:\/\/magichanism.com\/wp-content\/uploads\/2022\/05\/back-1536x1023.jpeg 1536w, https:\/\/magichanism.com\/wp-content\/uploads\/2022\/05\/back.jpeg 1621w\" sizes=\"(max-width: 800px) 100vw, 800px\" \/>\t\t\t\t\t\t\t\t\t\t\t\t\t\t<\/div>\n\t\t\t\t\t\t<\/div>\n\t\t\t\t<\/div>\n\t\t\t\t\t\t<\/div>\n\t\t\t\t\t<\/div>\n\t\t<\/div>\n\t\t\t\t\t\t\t\t<\/div>\n\t\t\t\t\t<\/div>\n\t\t<\/section>\n\t\t\t\t<section class=\"elementor-section elementor-top-section elementor-element elementor-element-ad07fad elementor-section-boxed elementor-section-height-default elementor-section-height-default\" data-id=\"ad07fad\" data-element_type=\"section\">\n\t\t\t\t\t\t<div class=\"elementor-container elementor-column-gap-default\">\n\t\t\t\t\t\t\t<div class=\"elementor-row\">\n\t\t\t\t\t<div class=\"elementor-column elementor-col-50 elementor-top-column elementor-element elementor-element-7131681\" data-id=\"7131681\" data-element_type=\"column\">\n\t\t\t<div class=\"elementor-column-wrap elementor-element-populated\">\n\t\t\t\t\t\t\t<div class=\"elementor-widget-wrap\">\n\t\t\t\t\t\t<div class=\"elementor-element elementor-element-8eff0a1 elementor-widget elementor-widget-image\" data-id=\"8eff0a1\" data-element_type=\"widget\" data-widget_type=\"image.default\">\n\t\t\t\t<div class=\"elementor-widget-container\">\n\t\t\t\t\t\t\t\t<div class=\"elementor-image\">\n\t\t\t\t\t\t\t\t\t\t\t\t<img width=\"382\" height=\"674\" src=\"https:\/\/magichanism.com\/wp-content\/uploads\/2022\/05\/sounboard-ui.png\" class=\"attachment-large size-large\" alt=\"\" loading=\"lazy\" srcset=\"https:\/\/magichanism.com\/wp-content\/uploads\/2022\/05\/sounboard-ui.png 382w, https:\/\/magichanism.com\/wp-content\/uploads\/2022\/05\/sounboard-ui-170x300.png 170w\" sizes=\"(max-width: 382px) 100vw, 382px\" \/>\t\t\t\t\t\t\t\t\t\t\t\t\t\t<\/div>\n\t\t\t\t\t\t<\/div>\n\t\t\t\t<\/div>\n\t\t\t\t\t\t<\/div>\n\t\t\t\t\t<\/div>\n\t\t<\/div>\n\t\t\t\t<div class=\"elementor-column elementor-col-50 elementor-top-column elementor-element elementor-element-361943b\" data-id=\"361943b\" data-element_type=\"column\">\n\t\t\t<div class=\"elementor-column-wrap elementor-element-populated\">\n\t\t\t\t\t\t\t<div class=\"elementor-widget-wrap\">\n\t\t\t\t\t\t<div class=\"elementor-element elementor-element-52b47b5 elementor-widget elementor-widget-spacer\" data-id=\"52b47b5\" data-element_type=\"widget\" data-widget_type=\"spacer.default\">\n\t\t\t\t<div class=\"elementor-widget-container\">\n\t\t\t\t\t<div class=\"elementor-spacer\">\n\t\t\t<div class=\"elementor-spacer-inner\"><\/div>\n\t\t<\/div>\n\t\t\t\t<\/div>\n\t\t\t\t<\/div>\n\t\t\t\t<div class=\"elementor-element elementor-element-131fb86 elementor-widget elementor-widget-wp-widget-text\" data-id=\"131fb86\" data-element_type=\"widget\" data-widget_type=\"wp-widget-text.default\">\n\t\t\t\t<div class=\"elementor-widget-container\">\n\t\t\t\t\t\t<div class=\"textwidget\"><div style=\"color: #BCBCBC;font-size: 1rem\">\n<p>Fonctionnalit\u00e9s :<\/p>\n<ul>\n<li>Boutons d\u2019apparence configurable (couleur et texte).<\/li>\n<li>Chargement des fichiers sons depuis votre ordinateur ou tablette.<\/li>\n<li>Utilisation du micro de l\u2019ordinateur ou de la tablette pour parler dans l\u2019une de zones.<\/li>\n<li>Visualisation du niveau sonore de chaque zone et <i>monitoring<\/i> depuis l\u2019interface.<\/li>\n<li>Cr\u00e9ation d\u2019animations sc\u00e9nographiques complexes (son, lumi\u00e8res, vid\u00e9os).<\/li>\n<li>Contr\u00f4le d\u2019ouverture de portes (en option)<\/li>\n<li>D\u00e9clenchement automatis\u00e9 sur capteur\u00a0 (en option)<\/li>\n<li>Retours cam\u00e9ras (en option)<\/li>\n<\/ul>\n<\/div>\n<\/div>\n\t\t\t\t<\/div>\n\t\t\t\t<\/div>\n\t\t\t\t\t\t<\/div>\n\t\t\t\t\t<\/div>\n\t\t<\/div>\n\t\t\t\t\t\t\t\t<\/div>\n\t\t\t\t\t<\/div>\n\t\t<\/section>\n\t\t\t\t<section class=\"elementor-section elementor-top-section elementor-element elementor-element-bef4497 elementor-section-boxed elementor-section-height-default elementor-section-height-default\" data-id=\"bef4497\" data-element_type=\"section\">\n\t\t\t\t\t\t<div class=\"elementor-container elementor-column-gap-default\">\n\t\t\t\t\t\t\t<div class=\"elementor-row\">\n\t\t\t\t\t<div class=\"elementor-column elementor-col-50 elementor-top-column elementor-element elementor-element-e1e5fd9\" data-id=\"e1e5fd9\" data-element_type=\"column\">\n\t\t\t<div class=\"elementor-column-wrap\">\n\t\t\t\t\t\t\t<div class=\"elementor-widget-wrap\">\n\t\t\t\t\t\t\t\t<\/div>\n\t\t\t\t\t<\/div>\n\t\t<\/div>\n\t\t\t\t<div class=\"elementor-column elementor-col-50 elementor-top-column elementor-element elementor-element-65850f8\" data-id=\"65850f8\" data-element_type=\"column\">\n\t\t\t<div class=\"elementor-column-wrap elementor-element-populated\">\n\t\t\t\t\t\t\t<div class=\"elementor-widget-wrap\">\n\t\t\t\t\t\t<div class=\"elementor-element elementor-element-10a0c8a elementor-widget elementor-widget-heading\" data-id=\"10a0c8a\" data-element_type=\"widget\" data-widget_type=\"heading.default\">\n\t\t\t\t<div class=\"elementor-widget-container\">\n\t\t\t<h2 class=\"elementor-heading-title elementor-size-default\">\u00c0 partir de 2000\u20acHT<\/h2>\t\t<\/div>\n\t\t\t\t<\/div>\n\t\t\t\t\t\t<\/div>\n\t\t\t\t\t<\/div>\n\t\t<\/div>\n\t\t\t\t\t\t\t\t<\/div>\n\t\t\t\t\t<\/div>\n\t\t<\/section>\n\t\t\t\t\t\t<\/div>\n\t\t\t\t\t\t<\/div>\n\t\t\t\t\t<\/div>\n\t\t","protected":false},"excerpt":{"rendered":"<p>SC\u00c9NOGRAPHIE Sp\u00e9cifications \u00c0 partir de 2000\u20acHT<\/p>\n","protected":false},"author":1,"featured_media":0,"parent":0,"menu_order":0,"comment_status":"closed","ping_status":"closed","template":"","meta":[],"yoast_head":"<!-- This site is optimized with the Yoast SEO plugin v16.3 - https:\/\/yoast.com\/wordpress\/plugins\/seo\/ -->\n<title>Sc\u00e9nographie &mdash; Magichanism<\/title>\n<meta name=\"robots\" content=\"index, follow, max-snippet:-1, max-image-preview:large, max-video-preview:-1\" \/>\n<link rel=\"canonical\" href=\"https:\/\/magichanism.com\/index.php\/fr\/scenographie\/\" \/>\n<meta property=\"og:locale\" content=\"en_US\" \/>\n<meta property=\"og:type\" content=\"article\" \/>\n<meta property=\"og:title\" content=\"Sc\u00e9nographie &mdash; Magichanism\" \/>\n<meta property=\"og:description\" content=\"SC\u00c9NOGRAPHIE Sp\u00e9cifications \u00c0 partir de 2000\u20acHT\" \/>\n<meta property=\"og:url\" content=\"https:\/\/magichanism.com\/index.php\/fr\/scenographie\/\" \/>\n<meta property=\"og:site_name\" content=\"Magichanism\" \/>\n<meta property=\"article:publisher\" content=\"https:\/\/www.facebook.com\/magichanism\" \/>\n<meta property=\"article:modified_time\" content=\"2022-05-19T14:27:37+00:00\" \/>\n<meta property=\"og:image\" content=\"https:\/\/magichanism.com\/wp-content\/uploads\/2022\/05\/back-1024x682.jpeg\" \/>\n<meta name=\"twitter:card\" content=\"summary_large_image\" \/>\n<meta name=\"twitter:label1\" content=\"Est. reading time\">\n\t<meta name=\"twitter:data1\" content=\"1 minute\">\n<script type=\"application\/ld+json\" class=\"yoast-schema-graph\">{\"@context\":\"https:\/\/schema.org\",\"@graph\":[{\"@type\":\"Organization\",\"@id\":\"https:\/\/magichanism.com\/#organization\",\"name\":\"Magichanism\",\"url\":\"https:\/\/magichanism.com\/\",\"sameAs\":[\"https:\/\/www.facebook.com\/magichanism\",\"https:\/\/www.linkedin.com\/company\/magichanism\/\",\"https:\/\/www.youtube.com\/channel\/UCvC0qopI7XSpwG2P7teXuAQ\"],\"logo\":{\"@type\":\"ImageObject\",\"@id\":\"https:\/\/magichanism.com\/#logo\",\"inLanguage\":\"en-US\",\"url\":\"https:\/\/magichanism.com\/wp-content\/uploads\/2020\/10\/magi-color-64.png\",\"contentUrl\":\"https:\/\/magichanism.com\/wp-content\/uploads\/2020\/10\/magi-color-64.png\",\"width\":327,\"height\":64,\"caption\":\"Magichanism\"},\"image\":{\"@id\":\"https:\/\/magichanism.com\/#logo\"}},{\"@type\":\"WebSite\",\"@id\":\"https:\/\/magichanism.com\/#website\",\"url\":\"https:\/\/magichanism.com\/\",\"name\":\"Magichanism\",\"description\":\"Magichanism official website\",\"publisher\":{\"@id\":\"https:\/\/magichanism.com\/#organization\"},\"potentialAction\":[{\"@type\":\"SearchAction\",\"target\":\"https:\/\/magichanism.com\/?s={search_term_string}\",\"query-input\":\"required name=search_term_string\"}],\"inLanguage\":\"en-US\"},{\"@type\":\"ImageObject\",\"@id\":\"https:\/\/magichanism.com\/index.php\/fr\/scenographie\/#primaryimage\",\"inLanguage\":\"en-US\",\"url\":\"https:\/\/magichanism.com\/wp-content\/uploads\/2022\/05\/back.jpeg\",\"contentUrl\":\"https:\/\/magichanism.com\/wp-content\/uploads\/2022\/05\/back.jpeg\",\"width\":1621,\"height\":1080},{\"@type\":\"WebPage\",\"@id\":\"https:\/\/magichanism.com\/index.php\/fr\/scenographie\/#webpage\",\"url\":\"https:\/\/magichanism.com\/index.php\/fr\/scenographie\/\",\"name\":\"Sc\\u00e9nographie &mdash; Magichanism\",\"isPartOf\":{\"@id\":\"https:\/\/magichanism.com\/#website\"},\"primaryImageOfPage\":{\"@id\":\"https:\/\/magichanism.com\/index.php\/fr\/scenographie\/#primaryimage\"},\"datePublished\":\"2021-04-09T13:40:37+00:00\",\"dateModified\":\"2022-05-19T14:27:37+00:00\",\"breadcrumb\":{\"@id\":\"https:\/\/magichanism.com\/index.php\/fr\/scenographie\/#breadcrumb\"},\"inLanguage\":\"en-US\",\"potentialAction\":[{\"@type\":\"ReadAction\",\"target\":[\"https:\/\/magichanism.com\/index.php\/fr\/scenographie\/\"]}]},{\"@type\":\"BreadcrumbList\",\"@id\":\"https:\/\/magichanism.com\/index.php\/fr\/scenographie\/#breadcrumb\",\"itemListElement\":[{\"@type\":\"ListItem\",\"position\":1,\"item\":{\"@type\":\"WebPage\",\"@id\":\"https:\/\/magichanism.com\/index.php\/fr\/\",\"url\":\"https:\/\/magichanism.com\/index.php\/fr\/\",\"name\":\"Home\"}},{\"@type\":\"ListItem\",\"position\":2,\"item\":{\"@id\":\"https:\/\/magichanism.com\/index.php\/fr\/scenographie\/#webpage\"}}]}]}<\/script>\n<!-- \/ Yoast SEO plugin. -->","_links":{"self":[{"href":"https:\/\/magichanism.com\/index.php\/wp-json\/wp\/v2\/pages\/833"}],"collection":[{"href":"https:\/\/magichanism.com\/index.php\/wp-json\/wp\/v2\/pages"}],"about":[{"href":"https:\/\/magichanism.com\/index.php\/wp-json\/wp\/v2\/types\/page"}],"author":[{"embeddable":true,"href":"https:\/\/magichanism.com\/index.php\/wp-json\/wp\/v2\/users\/1"}],"replies":[{"embeddable":true,"href":"https:\/\/magichanism.com\/index.php\/wp-json\/wp\/v2\/comments?post=833"}],"version-history":[{"count":134,"href":"https:\/\/magichanism.com\/index.php\/wp-json\/wp\/v2\/pages\/833\/revisions"}],"predecessor-version":[{"id":1790,"href":"https:\/\/magichanism.com\/index.php\/wp-json\/wp\/v2\/pages\/833\/revisions\/1790"}],"wp:attachment":[{"href":"https:\/\/magichanism.com\/index.php\/wp-json\/wp\/v2\/media?parent=833"}],"curies":[{"name":"wp","href":"https:\/\/api.w.org\/{rel}","templated":true}]}}